{"id":14465,"date":"2021-12-17T14:58:06","date_gmt":"2021-12-17T17:58:06","guid":{"rendered":"https:\/\/kaccacambas.com.br\/?page_id=14465"},"modified":"2021-12-17T15:18:11","modified_gmt":"2021-12-17T18:18:11","slug":"quem-somos","status":"publish","type":"page","link":"https:\/\/kaccacambas.com.br\/index.php\/quem-somos\/","title":{"rendered":"QUEM SOMOS"},"content":{"rendered":"\n<p>Foi fundada em 1999 na cidade de Osasco, sendo nossa principal miss\u00e3o cuidar do meio ambiente na coleta de res\u00edduos s\u00f3lidos com a Presta\u00e7\u00e3o de Servi\u00e7o de Locala\u00e7\u00e3o de Ca\u00e7ambas Estacion\u00e1rias.<\/p>\n\n\n\n<p>Focados em prestar o melhor atendimento, viemos crescendo ao longo dos anos tendo como grande aliados nossos clientes que indicam nossos servi\u00e7os por reconhecerem nossa excel\u00eancia em atendimento e qualidade de servi\u00e7o. <\/p>\n\n\n\n<p>Todo nosso processo \u00e9 pensado para gerar o menor impacto ao meio ambiente, por isso, os residuos como pl\u00e1stico, papel, ferros, vidros, madeiras, concreto e at\u00e9 mesmo o gesso, s\u00e3o encaminhados para aterros que fazem a sua separa\u00e7\u00e3o e devidamente sua reciclagem.<\/p>\n\n\n\n<figure class=\"wp-block-gallery columns-3 is-cropped wp-block-gallery-1 is-layout-flex\"><ul class=\"blocks-gallery-grid\"><li class=\"blocks-gallery-item\"><figure><img decoding=\"async\" loading=\"lazy\" width=\"960\" height=\"960\" src=\"https:\/\/kaccacambas.com.br\/wp-content\/uploads\/2021\/12\/WhatsApp-Image-2021-05-19-at-09.21.13-1.jpeg\" alt=\"\" data-id=\"14468\" data-full-url=\"https:\/\/kaccacambas.com.br\/wp-content\/uploads\/2021\/12\/WhatsApp-Image-2021-05-19-at-09.21.13-1.jpeg\" data-link=\"https:\/\/kaccacambas.com.br\/index.php\/quem-somos\/whatsapp-image-2021-05-19-at-09-21-13-1\/\" class=\"wp-image-14468\" srcset=\"https:\/\/kaccacambas.com.br\/wp-content\/uploads\/2021\/12\/WhatsApp-Image-2021-05-19-at-09.21.13-1.jpeg 960w, https:\/\/kaccacambas.com.br\/wp-content\/uploads\/2021\/12\/WhatsApp-Image-2021-05-19-at-09.21.13-1-300x300.jpeg 300w, https:\/\/kaccacambas.com.br\/wp-content\/uploads\/2021\/12\/WhatsApp-Image-2021-05-19-at-09.21.13-1-150x150.jpeg 150w, https:\/\/kaccacambas.com.br\/wp-content\/uploads\/2021\/12\/WhatsApp-Image-2021-05-19-at-09.21.13-1-768x768.jpeg 768w\" sizes=\"(max-width: 960px) 100vw, 960px\" \/><\/figure><\/li><li class=\"blocks-gallery-item\"><figure><img decoding=\"async\" loading=\"lazy\" width=\"960\" height=\"960\" src=\"https:\/\/kaccacambas.com.br\/wp-content\/uploads\/2021\/12\/WhatsApp-Image-2021-05-19-at-09.21.13.jpeg\" alt=\"\" data-id=\"14469\" data-full-url=\"https:\/\/kaccacambas.com.br\/wp-content\/uploads\/2021\/12\/WhatsApp-Image-2021-05-19-at-09.21.13.jpeg\" data-link=\"https:\/\/kaccacambas.com.br\/index.php\/quem-somos\/whatsapp-image-2021-05-19-at-09-21-13\/\" class=\"wp-image-14469\" srcset=\"https:\/\/kaccacambas.com.br\/wp-content\/uploads\/2021\/12\/WhatsApp-Image-2021-05-19-at-09.21.13.jpeg 960w, https:\/\/kaccacambas.com.br\/wp-content\/uploads\/2021\/12\/WhatsApp-Image-2021-05-19-at-09.21.13-300x300.jpeg 300w, https:\/\/kaccacambas.com.br\/wp-content\/uploads\/2021\/12\/WhatsApp-Image-2021-05-19-at-09.21.13-150x150.jpeg 150w, https:\/\/kaccacambas.com.br\/wp-content\/uploads\/2021\/12\/WhatsApp-Image-2021-05-19-at-09.21.13-768x768.jpeg 768w\" sizes=\"(max-width: 960px) 100vw, 960px\" \/><\/figure><\/li><li class=\"blocks-gallery-item\"><figure><img decoding=\"async\" loading=\"lazy\" width=\"960\" height=\"960\" src=\"https:\/\/kaccacambas.com.br\/wp-content\/uploads\/2021\/12\/WhatsApp-Image-2021-10-14-at-11.52.31.jpeg\" alt=\"\" data-id=\"14471\" data-full-url=\"https:\/\/kaccacambas.com.br\/wp-content\/uploads\/2021\/12\/WhatsApp-Image-2021-10-14-at-11.52.31.jpeg\" data-link=\"https:\/\/kaccacambas.com.br\/index.php\/quem-somos\/whatsapp-image-2021-10-14-at-11-52-31\/\" class=\"wp-image-14471\" srcset=\"https:\/\/kaccacambas.com.br\/wp-content\/uploads\/2021\/12\/WhatsApp-Image-2021-10-14-at-11.52.31.jpeg 960w, https:\/\/kaccacambas.com.br\/wp-content\/uploads\/2021\/12\/WhatsApp-Image-2021-10-14-at-11.52.31-300x300.jpeg 300w, https:\/\/kaccacambas.com.br\/wp-content\/uploads\/2021\/12\/WhatsApp-Image-2021-10-14-at-11.52.31-150x150.jpeg 150w, https:\/\/kaccacambas.com.br\/wp-content\/uploads\/2021\/12\/WhatsApp-Image-2021-10-14-at-11.52.31-768x768.jpeg 768w\" sizes=\"(max-width: 960px) 100vw, 960px\" \/><\/figure><\/li><li class=\"blocks-gallery-item\"><figure><img decoding=\"async\" loading=\"lazy\" width=\"960\" height=\"960\" src=\"https:\/\/kaccacambas.com.br\/wp-content\/uploads\/2021\/12\/WhatsApp-Image-2021-12-06-at-13.31.58.jpeg\" alt=\"\" data-id=\"14472\" data-full-url=\"https:\/\/kaccacambas.com.br\/wp-content\/uploads\/2021\/12\/WhatsApp-Image-2021-12-06-at-13.31.58.jpeg\" data-link=\"https:\/\/kaccacambas.com.br\/index.php\/quem-somos\/whatsapp-image-2021-12-06-at-13-31-58\/\" class=\"wp-image-14472\" srcset=\"https:\/\/kaccacambas.com.br\/wp-content\/uploads\/2021\/12\/WhatsApp-Image-2021-12-06-at-13.31.58.jpeg 960w, https:\/\/kaccacambas.com.br\/wp-content\/uploads\/2021\/12\/WhatsApp-Image-2021-12-06-at-13.31.58-300x300.jpeg 300w, https:\/\/kaccacambas.com.br\/wp-content\/uploads\/2021\/12\/WhatsApp-Image-2021-12-06-at-13.31.58-150x150.jpeg 150w, https:\/\/kaccacambas.com.br\/wp-content\/uploads\/2021\/12\/WhatsApp-Image-2021-12-06-at-13.31.58-768x768.jpeg 768w\" sizes=\"(max-width: 960px) 100vw, 960px\" \/><\/figure><\/li><li class=\"blocks-gallery-item\"><figure><img decoding=\"async\" loading=\"lazy\" width=\"600\" height=\"450\" src=\"https:\/\/kaccacambas.com.br\/wp-content\/uploads\/2021\/12\/2021-10-18.jpg\" alt=\"\" data-id=\"14473\" data-full-url=\"https:\/\/kaccacambas.com.br\/wp-content\/uploads\/2021\/12\/2021-10-18.jpg\" data-link=\"https:\/\/kaccacambas.com.br\/index.php\/quem-somos\/2021-10-18\/\" class=\"wp-image-14473\" srcset=\"https:\/\/kaccacambas.com.br\/wp-content\/uploads\/2021\/12\/2021-10-18.jpg 600w, https:\/\/kaccacambas.com.br\/wp-content\/uploads\/2021\/12\/2021-10-18-300x225.jpg 300w\" sizes=\"(max-width: 600px) 100vw, 600px\" \/><\/figure><\/li><li class=\"blocks-gallery-item\"><figure><img decoding=\"async\" loading=\"lazy\" width=\"600\" height=\"450\" src=\"https:\/\/kaccacambas.com.br\/wp-content\/uploads\/2021\/12\/2021-10-20.jpg\" alt=\"\" data-id=\"14474\" data-full-url=\"https:\/\/kaccacambas.com.br\/wp-content\/uploads\/2021\/12\/2021-10-20.jpg\" data-link=\"https:\/\/kaccacambas.com.br\/index.php\/quem-somos\/2021-10-20\/\" class=\"wp-image-14474\" srcset=\"https:\/\/kaccacambas.com.br\/wp-content\/uploads\/2021\/12\/2021-10-20.jpg 600w, https:\/\/kaccacambas.com.br\/wp-content\/uploads\/2021\/12\/2021-10-20-300x225.jpg 300w\" sizes=\"(max-width: 600px) 100vw, 600px\" \/><\/figure><\/li><li class=\"blocks-gallery-item\"><figure><img decoding=\"async\" loading=\"lazy\" width=\"600\" height=\"450\" src=\"https:\/\/kaccacambas.com.br\/wp-content\/uploads\/2021\/12\/2021-11-10.jpg\" alt=\"\" data-id=\"14475\" data-full-url=\"https:\/\/kaccacambas.com.br\/wp-content\/uploads\/2021\/12\/2021-11-10.jpg\" data-link=\"https:\/\/kaccacambas.com.br\/index.php\/quem-somos\/2021-11-10\/\" class=\"wp-image-14475\" srcset=\"https:\/\/kaccacambas.com.br\/wp-content\/uploads\/2021\/12\/2021-11-10.jpg 600w, https:\/\/kaccacambas.com.br\/wp-content\/uploads\/2021\/12\/2021-11-10-300x225.jpg 300w\" sizes=\"(max-width: 600px) 100vw, 600px\" \/><\/figure><\/li><li class=\"blocks-gallery-item\"><figure><img decoding=\"async\" loading=\"lazy\" width=\"600\" height=\"450\" src=\"https:\/\/kaccacambas.com.br\/wp-content\/uploads\/2021\/12\/2021-12-09.jpg\" alt=\"\" data-id=\"14476\" data-full-url=\"https:\/\/kaccacambas.com.br\/wp-content\/uploads\/2021\/12\/2021-12-09.jpg\" data-link=\"https:\/\/kaccacambas.com.br\/index.php\/quem-somos\/2021-12-09\/\" class=\"wp-image-14476\" srcset=\"https:\/\/kaccacambas.com.br\/wp-content\/uploads\/2021\/12\/2021-12-09.jpg 600w, https:\/\/kaccacambas.com.br\/wp-content\/uploads\/2021\/12\/2021-12-09-300x225.jpg 300w\" sizes=\"(max-width: 600px) 100vw, 600px\" \/><\/figure><\/li><\/ul><\/figure>\n\n\n\n<p><\/p>\n","protected":false},"excerpt":{"rendered":"<p>Foi fundada em 1999 na cidade de Osasco, sendo nossa principal miss\u00e3o cuidar do meio ambiente na coleta de res\u00edduos s\u00f3lidos com a Presta\u00e7\u00e3o de Servi\u00e7o de Locala\u00e7\u00e3o de Ca\u00e7ambas Estacion\u00e1rias. Focados em prestar o melhor atendimento, viemos crescendo ao &hellip; <a href=\"https:\/\/kaccacambas.com.br\/index.php\/quem-somos\/\">Readmore<\/a><\/p>\n","protected":false},"author":1,"featured_media":0,"parent":0,"menu_order":0,"comment_status":"closed","ping_status":"closed","template":"","meta":{"om_disable_all_campaigns":false,"_mi_skip_tracking":false,"_monsterinsights_sitenote_active":false,"_monsterinsights_sitenote_note":"","_monsterinsights_sitenote_category":0},"aioseo_notices":[],"_links":{"self":[{"href":"https:\/\/kaccacambas.com.br\/index.php\/wp-json\/wp\/v2\/pages\/14465"}],"collection":[{"href":"https:\/\/kaccacambas.com.br\/index.php\/wp-json\/wp\/v2\/pages"}],"about":[{"href":"https:\/\/kaccacambas.com.br\/index.php\/wp-json\/wp\/v2\/types\/page"}],"author":[{"embeddable":true,"href":"https:\/\/kaccacambas.com.br\/index.php\/wp-json\/wp\/v2\/users\/1"}],"replies":[{"embeddable":true,"href":"https:\/\/kaccacambas.com.br\/index.php\/wp-json\/wp\/v2\/comments?post=14465"}],"version-history":[{"count":5,"href":"https:\/\/kaccacambas.com.br\/index.php\/wp-json\/wp\/v2\/pages\/14465\/revisions"}],"predecessor-version":[{"id":14481,"href":"https:\/\/kaccacambas.com.br\/index.php\/wp-json\/wp\/v2\/pages\/14465\/revisions\/14481"}],"wp:attachment":[{"href":"https:\/\/kaccacambas.com.br\/index.php\/wp-json\/wp\/v2\/media?parent=14465"}],"curies":[{"name":"wp","href":"https:\/\/api.w.org\/{rel}","templated":true}]}}